{"id":42,"date":"2026-04-11T22:26:47","date_gmt":"2026-04-11T22:26:47","guid":{"rendered":"https:\/\/isyrosac.com\/index.php\/about\/"},"modified":"2026-04-11T22:46:31","modified_gmt":"2026-04-11T22:46:31","slug":"about","status":"publish","type":"page","link":"https:\/\/isyrosac.com\/index.php\/about\/","title":{"rendered":"About"},"content":{"rendered":"\n<div class=\"wp-block-uagb-container uagb-block-398cb9f6 alignfull uagb-is-root-container\"><div class=\"uagb-container-inner-blocks-wrap\">\n<div class=\"wp-block-uagb-advanced-heading uagb-block-f3ca99db\"><p class=\"uagb-desc-text\">Nuestra Historia<\/p><h1 class=\"uagb-heading-text\">Compromiso con la Salud y la Innovaci\u00f3n<\/h1><\/div>\n<\/div><\/div>\n\n\n\n<div class=\"wp-block-uagb-container uagb-layout-grid uagb-block-fa1435f9 alignfull uagb-is-root-container\"><div class=\"uagb-container-inner-blocks-wrap\">\n<div class=\"wp-block-uagb-image uagb-block-e6668d8b wp-block-uagb-image--layout-default wp-block-uagb-image--effect-static wp-block-uagb-image--align-none\"><figure class=\"wp-block-uagb-image__figure\"><img decoding=\"async\" srcset=\"https:\/\/multipurpose-33.ziptemplates.top\/wp-content\/uploads\/2024\/06\/who-we-are.jpg ,https:\/\/multipurpose-33.ziptemplates.top\/wp-content\/uploads\/2024\/06\/who-we-are.jpg 780w, https:\/\/multipurpose-33.ziptemplates.top\/wp-content\/uploads\/2024\/06\/who-we-are.jpg 360w\" sizes=\"auto, (max-width: 480px) 150px\" src=\"https:\/\/multipurpose-33.ziptemplates.top\/wp-content\/uploads\/2024\/06\/who-we-are.jpg\" alt=\"Who We Are\" class=\"uag-image-19\" width=\"570\" height=\"500\" title=\"who-we-are\" loading=\"lazy\" role=\"img\"><\/figure><\/div>\n\n\n\n<div class=\"wp-block-uagb-container uagb-block-8116f50b\">\n<div class=\"wp-block-uagb-info-box uagb-block-22c66185 uagb-infobox__content-wrap  uagb-infobox-icon-above-title uagb-infobox-image-valign-top wp-block-uagb-info-box--has-margin\"><div class=\"uagb-infobox-margin-wrapper\"><div class=\"uagb-ifb-content\"><div class=\"uagb-ifb-title-wrap\"><p class=\"uagb-ifb-title-prefix\">Qui\u00e9nes Somos<\/p><h2 class=\"uagb-ifb-title\">ISYROSAC: Proveedores de Tecnolog\u00eda M\u00e9dica Avanzada<\/h2><\/div><p class=\"uagb-ifb-desc\">En ISYROSAC, hemos logrado transformar el acceso a la tecnolog\u00eda m\u00e9dica en diversas instituciones de salud, asegurando que cada paciente reciba la atenci\u00f3n que merece con productos de calidad y entrega eficiente.<\/p><\/div><\/div><\/div>\n\n\n\n<div class=\"wp-block-uagb-advanced-heading uagb-block-9c1b1a1d\"><p class=\"uagb-heading-text\">Nuestra dedicaci\u00f3n a la salud p\u00fablica nos ha permitido establecer relaciones s\u00f3lidas con hospitales y cl\u00ednicas, traduciendo nuestra misi\u00f3n en resultados tangibles para el bienestar de la sociedad peruana.<\/p><\/div>\n<\/div>\n<\/div><\/div>\n\n\n\n<div class=\"wp-block-uagb-container uagb-layout-grid uagb-block-7151de24 alignfull uagb-is-root-container\"><div class=\"uagb-container-inner-blocks-wrap\">\n<div class=\"wp-block-uagb-advanced-heading uagb-block-5336c70c\"><p class=\"uagb-desc-text\">Nuestra Trayectoria<\/p><h2 class=\"uagb-heading-text\">Historia de ISYROSAC y Su Impacto<\/h2><\/div>\n\n\n\n<div class=\"wp-block-uagb-info-box uagb-block-37741989 uagb-infobox__content-wrap  uagb-infobox-icon-above-title uagb-infobox-image-valign-top wp-block-uagb-info-box--has-margin\"><div class=\"uagb-infobox-margin-wrapper\"><div class=\"uagb-ifb-content\"><div class=\"uagb-ifb-title-wrap\"><p class=\"uagb-ifb-title\">Fundada con la misi\u00f3n de mejorar el acceso a la tecnolog\u00eda m\u00e9dica en Per\u00fa, ISYROSAC ha crecido exponencialmente desde su inicio. Con un enfoque en la calidad y la innovaci\u00f3n, hemos conseguido ser un aliado estrat\u00e9gico para m\u00e1s de 100 instituciones de salud en el pa\u00eds, apoyando su labor y contribuyendo al bienestar de la poblaci\u00f3n.<\/p><\/div><p class=\"uagb-ifb-desc\">A lo largo de los a\u00f1os, ISYROSAC ha enfrentado desaf\u00edos, pero nuestra perseverancia y adaptaci\u00f3n nos han permitido posicionarnos como l\u00edderes en el mercado de insumos de salud y tecnolog\u00eda m\u00e9dica.<\/p><\/div><\/div><\/div>\n<\/div><\/div>\n\n\n\n<div class=\"wp-block-uagb-container uagb-block-a177b11e alignfull uagb-is-root-container\"><div class=\"uagb-container-inner-blocks-wrap\">\n<div class=\"wp-block-uagb-container uagb-block-7bdfbaaf\">\n<div class=\"wp-block-uagb-advanced-heading uagb-block-b10e0589\"><h2 class=\"uagb-heading-text\">Nuestra Misi\u00f3n<\/h2><p class=\"uagb-desc-text\">Contribuir al bienestar social mediante el acceso a tecnolog\u00eda m\u00e9dica avanzada y suministros farmac\u00e9uticos seguros, asegurando herramientas necesarias en salud p\u00fablica.<\/p><\/div>\n<\/div>\n\n\n\n<div class=\"wp-block-uagb-container uagb-block-d93f4c87\">\n<div class=\"wp-block-uagb-advanced-heading uagb-block-1c9e7d1d\"><h2 class=\"uagb-heading-text\">Nuestros Valores<\/h2><p class=\"uagb-desc-text\">Comprometidos con la calidad, la oportunidad y la innovaci\u00f3n, garantizamos que cada cliente reciba productos seguros y tecnolog\u00edas de vanguardia en el tiempo que necesitan.<\/p><\/div>\n<\/div>\n<\/div><\/div>\n\n\n\n<div class=\"wp-block-uagb-container uagb-block-589dc7bc alignfull uagb-is-root-container\"><div class=\"uagb-container-inner-blocks-wrap\">\n<div class=\"wp-block-uagb-advanced-heading uagb-block-047dddc0\"><p class=\"uagb-desc-text\">Nuestro Equipo<\/p><h2 class=\"uagb-heading-text\">Un Equipo Dedicado y Profesional<\/h2><\/div>\n\n\n\n<div class=\"wp-block-uagb-container uagb-block-4309595f\">\n<div class=\"wp-block-uagb-container uagb-block-125341ba\">\n<div class=\"wp-block-uagb-image aligncenter uagb-block-900b86e7 wp-block-uagb-image--layout-default wp-block-uagb-image--effect-static wp-block-uagb-image--align-center\"><figure class=\"wp-block-uagb-image__figure\"><img decoding=\"async\" srcset=\"https:\/\/multipurpose-33.ziptemplates.top\/wp-content\/uploads\/2024\/06\/team-01.jpg ,https:\/\/multipurpose-33.ziptemplates.top\/wp-content\/uploads\/2024\/06\/team-01.jpg 780w, https:\/\/multipurpose-33.ziptemplates.top\/wp-content\/uploads\/2024\/06\/team-01.jpg 360w\" sizes=\"auto, (max-width: 480px) 150px\" src=\"https:\/\/multipurpose-33.ziptemplates.top\/wp-content\/uploads\/2024\/06\/team-01.jpg\" alt=\"Team 01\" class=\"uag-image-22\" width=\"240\" height=\"240\" title=\"team-01\" loading=\"lazy\" role=\"img\"><\/figure><\/div>\n\n\n\n<div class=\"wp-block-uagb-advanced-heading uagb-block-92ecf845\"><p class=\"uagb-heading-text\">Elizabeth B.<\/p><p class=\"uagb-desc-text\">Propietario<\/p><\/div>\n<\/div>\n\n\n\n<div class=\"wp-block-uagb-container uagb-block-03455474\">\n<div class=\"wp-block-uagb-image aligncenter uagb-block-6f1d6647 wp-block-uagb-image--layout-default wp-block-uagb-image--effect-static wp-block-uagb-image--align-center\"><figure class=\"wp-block-uagb-image__figure\"><img decoding=\"async\" srcset=\"https:\/\/multipurpose-33.ziptemplates.top\/wp-content\/uploads\/2024\/06\/team-03.jpg ,https:\/\/multipurpose-33.ziptemplates.top\/wp-content\/uploads\/2024\/06\/team-03.jpg 780w, https:\/\/multipurpose-33.ziptemplates.top\/wp-content\/uploads\/2024\/06\/team-03.jpg 360w\" sizes=\"auto, (max-width: 480px) 150px\" src=\"https:\/\/multipurpose-33.ziptemplates.top\/wp-content\/uploads\/2024\/06\/team-03.jpg\" alt=\"Team 03\" class=\"uag-image-24\" width=\"240\" height=\"240\" title=\"team-03\" loading=\"lazy\" role=\"img\"><\/figure><\/div>\n\n\n\n<div class=\"wp-block-uagb-advanced-heading uagb-block-4b469db4\"><p class=\"uagb-heading-text\">Wade Warren<\/p><p class=\"uagb-desc-text\">Co-Fundador<\/p><\/div>\n<\/div>\n\n\n\n<div class=\"wp-block-uagb-container uagb-block-d0fe84b2\">\n<div class=\"wp-block-uagb-image aligncenter uagb-block-9a8cf5db wp-block-uagb-image--layout-default wp-block-uagb-image--effect-static wp-block-uagb-image--align-center\"><figure class=\"wp-block-uagb-image__figure\"><img decoding=\"async\" srcset=\"https:\/\/multipurpose-33.ziptemplates.top\/wp-content\/uploads\/2024\/06\/team-02.jpg ,https:\/\/multipurpose-33.ziptemplates.top\/wp-content\/uploads\/2024\/06\/team-02.jpg 780w, https:\/\/multipurpose-33.ziptemplates.top\/wp-content\/uploads\/2024\/06\/team-02.jpg 360w\" sizes=\"auto, (max-width: 480px) 150px\" src=\"https:\/\/multipurpose-33.ziptemplates.top\/wp-content\/uploads\/2024\/06\/team-02.jpg\" alt=\"Team 02\" class=\"uag-image-23\" width=\"240\" height=\"240\" title=\"team-02\" loading=\"lazy\" role=\"img\"><\/figure><\/div>\n\n\n\n<div class=\"wp-block-uagb-advanced-heading uagb-block-eee76b21\"><p class=\"uagb-heading-text\">Cameron William<\/p><p class=\"uagb-desc-text\">Gerente de Marketing<\/p><\/div>\n<\/div>\n\n\n\n<div class=\"wp-block-uagb-container uagb-block-e99b49c7\">\n<div class=\"wp-block-uagb-image aligncenter uagb-block-b583609d wp-block-uagb-image--layout-default wp-block-uagb-image--effect-static wp-block-uagb-image--align-center\"><figure class=\"wp-block-uagb-image__figure\"><img decoding=\"async\" srcset=\"https:\/\/multipurpose-33.ziptemplates.top\/wp-content\/uploads\/2024\/06\/team-04.jpg ,https:\/\/multipurpose-33.ziptemplates.top\/wp-content\/uploads\/2024\/06\/team-04.jpg 780w, https:\/\/multipurpose-33.ziptemplates.top\/wp-content\/uploads\/2024\/06\/team-04.jpg 360w\" sizes=\"auto, (max-width: 480px) 150px\" src=\"https:\/\/multipurpose-33.ziptemplates.top\/wp-content\/uploads\/2024\/06\/team-04.jpg\" alt=\"Team 04\" class=\"uag-image-25\" width=\"240\" height=\"240\" title=\"team-04\" loading=\"lazy\" role=\"img\"><\/figure><\/div>\n\n\n\n<div class=\"wp-block-uagb-advanced-heading uagb-block-0013af43\"><p class=\"uagb-heading-text\">Henry Smith<\/p><p class=\"uagb-desc-text\">Gerente de Marketing<\/p><\/div>\n<\/div>\n<\/div>\n<\/div><\/div>\n\n\n\n<div class=\"wp-block-uagb-container uagb-block-82f7e11c alignfull uagb-is-root-container\"><div class=\"uagb-container-inner-blocks-wrap\">\n<div class=\"wp-block-uagb-info-box uagb-block-29a068cf uagb-infobox__content-wrap  uagb-infobox-icon-above-title uagb-infobox-image-valign-top\"><div class=\"uagb-ifb-content\"><div class=\"uagb-ifb-title-wrap\"><span class=\"uagb-ifb-title-prefix\">Act\u00faa Ahora<\/span><h2 class=\"uagb-ifb-title\">Cont\u00e1ctanos y descubre c\u00f3mo podemos ayudarte<\/h2><\/div><p class=\"uagb-ifb-desc\">Estamos aqu\u00ed para brindarte la mejor tecnolog\u00eda m\u00e9dica y asegurar que tu instituci\u00f3n de salud tenga lo que necesita.<\/p><div class=\"uagb-ifb-button-wrapper wp-block-button\"><a href=\"contact\/\" class=\"uagb-infobox-cta-link wp-block-button__link\" target=\"_self\" rel=\"noopener noreferrer\" onclick=\"return true;\"><span class=\"uagb-inline-editing\">Cont\u00e1ctanos<\/span><\/a><\/div><\/div><\/div>\n<\/div><\/div>\n","protected":false},"excerpt":{"rendered":"<p>Nuestra Historia Compromiso con la Salud y la Innovaci\u00f3n Nuestra dedicaci\u00f3n a la salud p\u00fablica nos ha permitido establecer relaciones [&hellip;]<\/p>\n","protected":false},"author":1,"featured_media":0,"parent":0,"menu_order":0,"comment_status":"closed","ping_status":"closed","template":"","meta":{"_uag_custom_page_level_css":"","site-sidebar-layout":"default","site-content-layout":"","ast-site-content-layout":"default","site-content-style":"default","site-sidebar-style":"default","ast-global-header-display":"","ast-banner-title-visibility":"","ast-main-header-display":"","ast-hfb-above-header-display":"","ast-hfb-below-header-display":"","ast-hfb-mobile-header-display":"","site-post-title":"disabled","ast-breadcrumbs-content":"","ast-featured-img":"","footer-sml-layout":"","ast-disable-related-posts":"","theme-transparent-header-meta":"","adv-header-id-meta":"","stick-header-meta":"","header-above-stick-meta":"","header-main-stick-meta":"","header-below-stick-meta":"","astra-migrate-meta-layouts":"default","ast-page-background-enabled":"default","ast-page-background-meta":{"desktop":{"background-color":"var(--ast-global-color-4)","background-image":"","background-repeat":"repeat","background-position":"center center","background-size":"auto","background-attachment":"scroll","background-type":"","background-media":"","overlay-type":"","overlay-color":"","overlay-opacity":"","overlay-gradient":""},"tablet":{"background-color":"","background-image":"","background-repeat":"repeat","background-position":"center center","background-size":"auto","background-attachment":"scroll","background-type":"","background-media":"","overlay-type":"","overlay-color":"","overlay-opacity":"","overlay-gradient":""},"mobile":{"background-color":"","background-image":"","background-repeat":"repeat","background-position":"center center","background-size":"auto","background-attachment":"scroll","background-type":"","background-media":"","overlay-type":"","overlay-color":"","overlay-opacity":"","overlay-gradient":""}},"ast-content-background-meta":{"desktop":{"background-color":"var(--ast-global-color-5)","background-image":"","background-repeat":"repeat","background-position":"center center","background-size":"auto","background-attachment":"scroll","background-type":"","background-media":"","overlay-type":"","overlay-color":"","overlay-opacity":"","overlay-gradient":""},"tablet":{"background-color":"var(--ast-global-color-5)","background-image":"","background-repeat":"repeat","background-position":"center center","background-size":"auto","background-attachment":"scroll","background-type":"","background-media":"","overlay-type":"","overlay-color":"","overlay-opacity":"","overlay-gradient":""},"mobile":{"background-color":"var(--ast-global-color-5)","background-image":"","background-repeat":"repeat","background-position":"center center","background-size":"auto","background-attachment":"scroll","background-type":"","background-media":"","overlay-type":"","overlay-color":"","overlay-opacity":"","overlay-gradient":""}},"footnotes":""},"class_list":["post-42","page","type-page","status-publish","hentry"],"uagb_featured_image_src":{"full":false,"thumbnail":false,"medium":false,"medium_large":false,"large":false,"1536x1536":false,"2048x2048":false},"uagb_author_info":{"display_name":"admin","author_link":"https:\/\/isyrosac.com\/index.php\/author\/admin_isyrosac\/"},"uagb_comment_info":0,"uagb_excerpt":"Nuestra Historia Compromiso con la Salud y la Innovaci\u00f3n Nuestra dedicaci\u00f3n a la salud p\u00fablica nos ha permitido establecer relaciones [&hellip;]","_links":{"self":[{"href":"https:\/\/isyrosac.com\/index.php\/wp-json\/wp\/v2\/pages\/42","targetHints":{"allow":["GET"]}}],"collection":[{"href":"https:\/\/isyrosac.com\/index.php\/wp-json\/wp\/v2\/pages"}],"about":[{"href":"https:\/\/isyrosac.com\/index.php\/wp-json\/wp\/v2\/types\/page"}],"author":[{"embeddable":true,"href":"https:\/\/isyrosac.com\/index.php\/wp-json\/wp\/v2\/users\/1"}],"replies":[{"embeddable":true,"href":"https:\/\/isyrosac.com\/index.php\/wp-json\/wp\/v2\/comments?post=42"}],"version-history":[{"count":1,"href":"https:\/\/isyrosac.com\/index.php\/wp-json\/wp\/v2\/pages\/42\/revisions"}],"predecessor-version":[{"id":249,"href":"https:\/\/isyrosac.com\/index.php\/wp-json\/wp\/v2\/pages\/42\/revisions\/249"}],"wp:attachment":[{"href":"https:\/\/isyrosac.com\/index.php\/wp-json\/wp\/v2\/media?parent=42"}],"curies":[{"name":"wp","href":"https:\/\/api.w.org\/{rel}","templated":true}]}}