{"id":43,"date":"2026-04-11T22:26:47","date_gmt":"2026-04-11T22:26:47","guid":{"rendered":"https:\/\/isyrosac.com\/index.php\/services\/"},"modified":"2026-04-11T22:44:11","modified_gmt":"2026-04-11T22:44:11","slug":"services","status":"publish","type":"page","link":"https:\/\/isyrosac.com\/index.php\/services\/","title":{"rendered":"Services"},"content":{"rendered":"\n<div class=\"wp-block-uagb-container uagb-block-398cb9f6 alignfull uagb-is-root-container\"><div class=\"uagb-container-inner-blocks-wrap\">\n<div class=\"wp-block-uagb-advanced-heading uagb-block-f3ca99db\"><p class=\"uagb-desc-text\">Servicios M\u00e9dicos<\/p><h1 class=\"uagb-heading-text\">Acceso a tecnolog\u00eda m\u00e9dica avanzada<\/h1><\/div>\n<\/div><\/div>\n\n\n\n<div class=\"wp-block-uagb-container uagb-layout-grid uagb-block-fa1435f9 alignfull uagb-is-root-container\"><div class=\"uagb-container-inner-blocks-wrap\">\n<div class=\"wp-block-uagb-image uagb-block-e6668d8b wp-block-uagb-image--layout-default wp-block-uagb-image--effect-static wp-block-uagb-image--align-none\"><figure class=\"wp-block-uagb-image__figure\"><img decoding=\"async\" srcset=\"https:\/\/multipurpose-33.ziptemplates.top\/wp-content\/uploads\/2024\/06\/services-01.jpg ,https:\/\/multipurpose-33.ziptemplates.top\/wp-content\/uploads\/2024\/06\/services-01.jpg 780w, https:\/\/multipurpose-33.ziptemplates.top\/wp-content\/uploads\/2024\/06\/services-01.jpg 360w\" sizes=\"auto, (max-width: 480px) 150px\" src=\"https:\/\/multipurpose-33.ziptemplates.top\/wp-content\/uploads\/2024\/06\/services-01.jpg\" alt=\"Services 01\" class=\"uag-image-15\" width=\"570\" height=\"450\" title=\"services-01\" loading=\"lazy\" role=\"img\"><\/figure><\/div>\n\n\n\n<div class=\"wp-block-uagb-info-box uagb-block-22c66185 uagb-infobox__content-wrap  uagb-infobox-icon-above-title uagb-infobox-image-valign-top\"><div class=\"uagb-ifb-content\"><div class=\"uagb-ifb-title-wrap\"><h2 class=\"uagb-ifb-title-prefix\">01.<\/h2><h3 class=\"uagb-ifb-title\">Suministros M\u00e9dicos<\/h3><\/div><p class=\"uagb-ifb-desc\">Ofrecemos una amplia gama de suministros m\u00e9dicos, desde equipos de diagn\u00f3stico hasta materiales de consumo, asegurando que cada instituci\u00f3n de salud tenga lo necesario para brindar atenci\u00f3n eficaz y oportuna, cumpliendo siempre con las normativas de calidad exigidas por DIGEMID.<\/p><\/div><\/div>\n<\/div><\/div>\n\n\n\n<div class=\"wp-block-uagb-container uagb-layout-grid uagb-block-9b2ca079 alignfull uagb-is-root-container\"><div class=\"uagb-container-inner-blocks-wrap\">\n<div class=\"wp-block-uagb-info-box uagb-block-cbb9d937 uagb-infobox__content-wrap  uagb-infobox-icon-above-title uagb-infobox-image-valign-top\"><div class=\"uagb-ifb-content\"><div class=\"uagb-ifb-title-wrap\"><h2 class=\"uagb-ifb-title-prefix\">02.<\/h2><h3 class=\"uagb-ifb-title\">Equipos de Diagn\u00f3stico<\/h3><\/div><p class=\"uagb-ifb-desc\">Nos aseguramos de traer al mercado local los equipos de diagn\u00f3stico m\u00e1s avanzados que ayudan a los profesionales de la salud a realizar evaluaciones precisas y r\u00e1pidas, garantizando as\u00ed un tratamiento adecuado y efectivo para los pacientes en todo momento.<\/p><\/div><\/div>\n\n\n\n<div class=\"wp-block-uagb-image uagb-block-7af7b4bf wp-block-uagb-image--layout-default wp-block-uagb-image--effect-static wp-block-uagb-image--align-none\"><figure class=\"wp-block-uagb-image__figure\"><img decoding=\"async\" srcset=\"https:\/\/multipurpose-33.ziptemplates.top\/wp-content\/uploads\/2024\/06\/services-02.jpg ,https:\/\/multipurpose-33.ziptemplates.top\/wp-content\/uploads\/2024\/06\/services-02.jpg 780w, https:\/\/multipurpose-33.ziptemplates.top\/wp-content\/uploads\/2024\/06\/services-02.jpg 360w\" sizes=\"auto, (max-width: 480px) 150px\" src=\"https:\/\/multipurpose-33.ziptemplates.top\/wp-content\/uploads\/2024\/06\/services-02.jpg\" alt=\"Services 02\" class=\"uag-image-16\" width=\"570\" height=\"450\" title=\"services-02\" loading=\"lazy\" role=\"img\"><\/figure><\/div>\n<\/div><\/div>\n\n\n\n<div class=\"wp-block-uagb-container uagb-layout-grid uagb-block-01d2b17b alignfull uagb-is-root-container\"><div class=\"uagb-container-inner-blocks-wrap\">\n<div class=\"wp-block-uagb-image uagb-block-7628e631 wp-block-uagb-image--layout-default wp-block-uagb-image--effect-static wp-block-uagb-image--align-none\"><figure class=\"wp-block-uagb-image__figure\"><img decoding=\"async\" srcset=\"https:\/\/multipurpose-33.ziptemplates.top\/wp-content\/uploads\/2024\/06\/services-03.jpg ,https:\/\/multipurpose-33.ziptemplates.top\/wp-content\/uploads\/2024\/06\/services-03.jpg 780w, https:\/\/multipurpose-33.ziptemplates.top\/wp-content\/uploads\/2024\/06\/services-03.jpg 360w\" sizes=\"auto, (max-width: 480px) 150px\" src=\"https:\/\/multipurpose-33.ziptemplates.top\/wp-content\/uploads\/2024\/06\/services-03.jpg\" alt=\"Services 03\" class=\"uag-image-17\" width=\"570\" height=\"450\" title=\"services-03\" loading=\"lazy\" role=\"img\"><\/figure><\/div>\n\n\n\n<div class=\"wp-block-uagb-info-box uagb-block-97b889c1 uagb-infobox__content-wrap  uagb-infobox-icon-above-title uagb-infobox-image-valign-top\"><div class=\"uagb-ifb-content\"><div class=\"uagb-ifb-title-wrap\"><h2 class=\"uagb-ifb-title-prefix\">03.<\/h2><h3 class=\"uagb-ifb-title\">F\u00e1rmacos Seguros<\/h3><\/div><p class=\"uagb-ifb-desc\">Nuestra l\u00ednea de productos farmac\u00e9uticos incluye medicamentos esenciales que cumplen con todas las regulaciones de seguridad, permitiendo que las instituciones de salud puedan administrar tratamientos seguros y efectivos. Colaboramos estrechamente con laboratorios para mantener un suministro continuo y confiable.<\/p><\/div><\/div>\n<\/div><\/div>\n\n\n\n<div class=\"wp-block-uagb-container uagb-layout-grid uagb-block-c2a58bf8 alignfull uagb-is-root-container\"><div class=\"uagb-container-inner-blocks-wrap\">\n<div class=\"wp-block-uagb-info-box uagb-block-fafce59f uagb-infobox__content-wrap  uagb-infobox-icon-above-title uagb-infobox-image-valign-top\"><div class=\"uagb-ifb-content\"><div class=\"uagb-ifb-title-wrap\"><h2 class=\"uagb-ifb-title-prefix\">04.<\/h2><h3 class=\"uagb-ifb-title\">Asesoramiento Profesional<\/h3><\/div><p class=\"uagb-ifb-desc\">Contamos con un equipo de expertos que asesoran a las instituciones de salud sobre las mejores pr\u00e1cticas en la utilizaci\u00f3n de tecnolog\u00eda m\u00e9dica y suministros, asegurando as\u00ed que cada entidad est\u00e9 equipada para ofrecer la mejor atenci\u00f3n posible a sus pacientes.<\/p><\/div><\/div>\n\n\n\n<div class=\"wp-block-uagb-image uagb-block-166f80e7 wp-block-uagb-image--layout-default wp-block-uagb-image--effect-static wp-block-uagb-image--align-none\"><figure class=\"wp-block-uagb-image__figure\"><img decoding=\"async\" srcset=\"https:\/\/multipurpose-33.ziptemplates.top\/wp-content\/uploads\/2024\/06\/services-04.jpg ,https:\/\/multipurpose-33.ziptemplates.top\/wp-content\/uploads\/2024\/06\/services-04.jpg 780w, https:\/\/multipurpose-33.ziptemplates.top\/wp-content\/uploads\/2024\/06\/services-04.jpg 360w\" sizes=\"auto, (max-width: 480px) 150px\" src=\"https:\/\/multipurpose-33.ziptemplates.top\/wp-content\/uploads\/2024\/06\/services-04.jpg\" alt=\"Services 04\" class=\"uag-image-18\" width=\"570\" height=\"450\" title=\"services-04\" loading=\"lazy\" role=\"img\"><\/figure><\/div>\n<\/div><\/div>\n\n\n\n<div class=\"wp-block-uagb-container uagb-block-589dc7bc alignfull uagb-is-root-container\"><div class=\"uagb-container-inner-blocks-wrap\">\n<div class=\"wp-block-uagb-advanced-heading uagb-block-047dddc0\"><p class=\"uagb-desc-text\">Nuestro Proceso<\/p><h2 class=\"uagb-heading-text\">Un enfoque sistem\u00e1tico para garantizar calidad<\/h2><\/div>\n\n\n\n<div class=\"wp-block-uagb-container uagb-block-a7112b30\">\n<div class=\"wp-block-uagb-container uagb-block-fd4dfe74\">\n<div class=\"wp-block-uagb-info-box uagb-block-67ae5678 uagb-infobox__content-wrap  uagb-infobox-icon-above-title uagb-infobox-image-valign-top\"><div class=\"uagb-ifb-content\"><div class=\"uagb-ifb-title-wrap\"><span class=\"uagb-ifb-title-prefix\">STEP-01<\/span><h3 class=\"uagb-ifb-title\">Evaluaci\u00f3n Continua<\/h3><\/div><p class=\"uagb-ifb-desc\">Realizamos controles de calidad regulares para mantener nuestros altos est\u00e1ndares.<\/p><\/div><\/div>\n<\/div>\n\n\n\n<div class=\"wp-block-uagb-container uagb-block-adfe2a50\">\n<div class=\"wp-block-uagb-info-box uagb-block-93f710a6 uagb-infobox__content-wrap  uagb-infobox-icon-above-title uagb-infobox-image-valign-top\"><div class=\"uagb-ifb-content\"><div class=\"uagb-ifb-title-wrap\"><span class=\"uagb-ifb-title-prefix\">STEP-02<\/span><h3 class=\"uagb-ifb-title\">Entrega Puntual<\/h3><\/div><p class=\"uagb-ifb-desc\">Aseguramos que los suministros lleguen a tiempo, porque el tiempo es crucial en salud.<\/p><\/div><\/div>\n<\/div>\n\n\n\n<div class=\"wp-block-uagb-container uagb-block-a3fffeef\">\n<div class=\"wp-block-uagb-info-box uagb-block-84c030e1 uagb-infobox__content-wrap  uagb-infobox-icon-above-title uagb-infobox-image-valign-top\"><div class=\"uagb-ifb-content\"><div class=\"uagb-ifb-title-wrap\"><span class=\"uagb-ifb-title-prefix\">STEP-03<\/span><h3 class=\"uagb-ifb-title\">Mejora Constante<\/h3><\/div><p class=\"uagb-ifb-desc\">Implementamos innovaciones continuas para adaptarnos a las necesidades cambiantes del sector salud.<\/p><\/div><\/div>\n<\/div>\n<\/div>\n<\/div><\/div>\n\n\n\n<div class=\"wp-block-uagb-container uagb-block-82f7e11c alignfull uagb-is-root-container\"><div class=\"uagb-container-inner-blocks-wrap\">\n<div class=\"wp-block-uagb-info-box uagb-block-29a068cf uagb-infobox__content-wrap  uagb-infobox-icon-above-title uagb-infobox-image-valign-top\"><div class=\"uagb-ifb-content\"><div class=\"uagb-ifb-title-wrap\"><span class=\"uagb-ifb-title-prefix\">Act\u00faa Ahora<\/span><h2 class=\"uagb-ifb-title\">Cont\u00e1ctanos y descubre c\u00f3mo podemos ayudarte<\/h2><\/div><p class=\"uagb-ifb-desc\">Estamos aqu\u00ed para brindarte la mejor tecnolog\u00eda m\u00e9dica y asegurar que tu instituci\u00f3n de salud tenga lo que necesita.<\/p><div class=\"uagb-ifb-button-wrapper wp-block-button\"><a href=\"contact\/\" class=\"uagb-infobox-cta-link wp-block-button__link\" target=\"_self\" rel=\"noopener noreferrer\" onclick=\"return true;\"><span class=\"uagb-inline-editing\">Cont\u00e1ctanos<\/span><\/a><\/div><\/div><\/div>\n<\/div><\/div>\n","protected":false},"excerpt":{"rendered":"<p>Servicios M\u00e9dicos Acceso a tecnolog\u00eda m\u00e9dica avanzada Nuestro Proceso Un enfoque sistem\u00e1tico para garantizar calidad<\/p>\n","protected":false},"author":1,"featured_media":0,"parent":0,"menu_order":0,"comment_status":"closed","ping_status":"closed","template":"","meta":{"_uag_custom_page_level_css":"","site-sidebar-layout":"default","site-content-layout":"","ast-site-content-layout":"default","site-content-style":"default","site-sidebar-style":"default","ast-global-header-display":"","ast-banner-title-visibility":"","ast-main-header-display":"","ast-hfb-above-header-display":"","ast-hfb-below-header-display":"","ast-hfb-mobile-header-display":"","site-post-title":"disabled","ast-breadcrumbs-content":"","ast-featured-img":"","footer-sml-layout":"","ast-disable-related-posts":"","theme-transparent-header-meta":"","adv-header-id-meta":"","stick-header-meta":"","header-above-stick-meta":"","header-main-stick-meta":"","header-below-stick-meta":"","astra-migrate-meta-layouts":"default","ast-page-background-enabled":"default","ast-page-background-meta":{"desktop":{"background-color":"var(--ast-global-color-4)","background-image":"","background-repeat":"repeat","background-position":"center center","background-size":"auto","background-attachment":"scroll","background-type":"","background-media":"","overlay-type":"","overlay-color":"","overlay-opacity":"","overlay-gradient":""},"tablet":{"background-color":"","background-image":"","background-repeat":"repeat","background-position":"center center","background-size":"auto","background-attachment":"scroll","background-type":"","background-media":"","overlay-type":"","overlay-color":"","overlay-opacity":"","overlay-gradient":""},"mobile":{"background-color":"","background-image":"","background-repeat":"repeat","background-position":"center center","background-size":"auto","background-attachment":"scroll","background-type":"","background-media":"","overlay-type":"","overlay-color":"","overlay-opacity":"","overlay-gradient":""}},"ast-content-background-meta":{"desktop":{"background-color":"var(--ast-global-color-5)","background-image":"","background-repeat":"repeat","background-position":"center center","background-size":"auto","background-attachment":"scroll","background-type":"","background-media":"","overlay-type":"","overlay-color":"","overlay-opacity":"","overlay-gradient":""},"tablet":{"background-color":"var(--ast-global-color-5)","background-image":"","background-repeat":"repeat","background-position":"center center","background-size":"auto","background-attachment":"scroll","background-type":"","background-media":"","overlay-type":"","overlay-color":"","overlay-opacity":"","overlay-gradient":""},"mobile":{"background-color":"var(--ast-global-color-5)","background-image":"","background-repeat":"repeat","background-position":"center center","background-size":"auto","background-attachment":"scroll","background-type":"","background-media":"","overlay-type":"","overlay-color":"","overlay-opacity":"","overlay-gradient":""}},"footnotes":""},"class_list":["post-43","page","type-page","status-publish","hentry"],"uagb_featured_image_src":{"full":false,"thumbnail":false,"medium":false,"medium_large":false,"large":false,"1536x1536":false,"2048x2048":false},"uagb_author_info":{"display_name":"admin","author_link":"https:\/\/isyrosac.com\/index.php\/author\/admin_isyrosac\/"},"uagb_comment_info":0,"uagb_excerpt":"Servicios M\u00e9dicos Acceso a tecnolog\u00eda m\u00e9dica avanzada Nuestro Proceso Un enfoque sistem\u00e1tico para garantizar calidad","_links":{"self":[{"href":"https:\/\/isyrosac.com\/index.php\/wp-json\/wp\/v2\/pages\/43","targetHints":{"allow":["GET"]}}],"collection":[{"href":"https:\/\/isyrosac.com\/index.php\/wp-json\/wp\/v2\/pages"}],"about":[{"href":"https:\/\/isyrosac.com\/index.php\/wp-json\/wp\/v2\/types\/page"}],"author":[{"embeddable":true,"href":"https:\/\/isyrosac.com\/index.php\/wp-json\/wp\/v2\/users\/1"}],"replies":[{"embeddable":true,"href":"https:\/\/isyrosac.com\/index.php\/wp-json\/wp\/v2\/comments?post=43"}],"version-history":[{"count":1,"href":"https:\/\/isyrosac.com\/index.php\/wp-json\/wp\/v2\/pages\/43\/revisions"}],"predecessor-version":[{"id":266,"href":"https:\/\/isyrosac.com\/index.php\/wp-json\/wp\/v2\/pages\/43\/revisions\/266"}],"wp:attachment":[{"href":"https:\/\/isyrosac.com\/index.php\/wp-json\/wp\/v2\/media?parent=43"}],"curies":[{"name":"wp","href":"https:\/\/api.w.org\/{rel}","templated":true}]}}